{"id":1829,"date":"2019-02-21T14:47:08","date_gmt":"2019-02-21T14:47:08","guid":{"rendered":"https:\/\/rtbtourismbordeaux.com\/products\/"},"modified":"2021-02-01T14:10:44","modified_gmt":"2021-02-01T14:10:44","slug":"services","status":"publish","type":"page","link":"https:\/\/rtbtourismbordeaux.com\/fr\/services\/","title":{"rendered":"SERVICES"},"content":{"rendered":"<h1>\n<h2 style=\"text-align: center;\">SERVICES<\/h2>\n<\/h1>\n<p><a href=\"\/fr\/chauffeur\/\"><img decoding=\"async\" src=\"\/wp-content\/uploads\/2020\/11\/home-products-grid-lighting_04.jpg\" alt=\"Service Chauffeur Bordeaux\"><\/a><\/p>\n<div>01<\/div>\n<h2><a href=\"\/fr\/chauffeur\/\">Service Chauffeur<\/a><\/h2>\n<p><a href=\"\/fr\/chauffeur\/\"><\/a><\/p>\n<p><a href=\"\/fr\/photographe\/\"><img decoding=\"async\" src=\"\/wp-content\/uploads\/2020\/11\/home-products-grid-lighting_06.jpg\" alt=\"Photographe \u00e0 Bordeaux Roman Tatarov\"><\/a><\/p>\n<div>02<\/div>\n<h2><a href=\"https:\/\/rtbtourismbordeaux.com\/fr\/photographe\/\">Photographe<\/a><\/h2>\n<p><a href=\"https:\/\/rtbtourismbordeaux.com\/fr\/photographe\/\"><\/a><\/p>\n<p><a href=\"\/fr\/mariages-evenements\/\"><img decoding=\"async\" src=\"\/wp-content\/uploads\/2020\/11\/home-products-grid-lighting_07.jpg\" alt=\"Mariages et \u00e9v\u00e9nements\"><\/a><\/p>\n<div>03<\/div>\n<h2><a href=\"https:\/\/rtbtourismbordeaux.com\/fr\/mariages-evenements\/\">Mariages et \u00e9v\u00e9nements<\/a><\/h2>\n<p><a href=\"https:\/\/rtbtourismbordeaux.com\/fr\/mariages-evenements\/\"><\/a><\/p>\n<p><a href=\"\/fr\/securite\/\"><img decoding=\"async\" src=\"\/wp-content\/uploads\/2020\/11\/home-products-grid-lighting_08.jpg\" alt=\"S\u00e9curit\u00e9\"><\/a><\/p>\n<div>04<\/div>\n<h2><a href=\"\/fr\/securite\/\">S\u00e9curit\u00e9<\/a><\/h2>\n<p><a href=\"\/fr\/securite\/\"><\/a><\/p>\n<p><a href=\"\/fr\/conciergerie\/\"><img decoding=\"async\" src=\"\/wp-content\/uploads\/2020\/11\/home-products-grid-lighting_09.jpg\" alt=\"Service de conciergerie\"><\/a><\/p>\n<div>05<\/div>\n<h2><a href=\"\/fr\/conciergerie\/\">Service de conciergerie<\/a><\/h2>\n<p><a href=\"\/fr\/conciergerie\/\"><\/a><\/p>\n<p><a href=\"\/fr\/traduction\/\"><img decoding=\"async\" src=\"\/wp-content\/uploads\/2020\/11\/translate.jpg\" alt=\"Services de traduction \"><\/a><\/p>\n<div>06<\/div>\n<h2><a href=\"\/fr\/traduction\/\">Services de traduction <\/a><\/h2>\n<p><a href=\"\/fr\/traduction\/\"><\/a><\/p>\n<p><!-- {\"name\":\"Portfolio\",\"type\":\"layout\",\"children\":[{\"name\":\"Hero\",\"type\":\"section\",\"props\":{\"style\":\"default\",\"width\":\"expand\",\"image_position\":\"center-center\",\"image\":\"wp-content\\\/uploads\\\/2020\\\/11\\\/products-hero-text.svg\",\"padding\":\"none\",\"image_size\":\"contain\",\"image_effect\":\"parallax\",\"image_parallax\":60,\"image_visibility\":\"m\",\"image_parallax_bgy_start\":10,\"image_parallax_bgy_end\":200,\"image_parallax_breakpoint\":\"m\",\"vertical_align\":\"middle\",\"title_position\":\"top-left\",\"title_rotation\":\"left\",\"title_breakpoint\":\"xl\",\"animation\":\"fade\"},\"children\":[{\"name\":\"\",\"type\":\"row\",\"children\":[{\"name\":\"\",\"type\":\"column\",\"props\":{\"image_position\":\"center-center\",\"media_overlay_gradient\":\"\",\"width_medium\":\"\"},\"children\":[{\"type\":\"headline\",\"props\":{\"title_element\":\"h1\",\"content\":\"\n\n<h2 style=\\\"text-align: center;\\\">SERVICES<\\\/h2>\",\"position\":\"relative\",\"position_top\":\"210\"}}]}]}]},{\"name\":\"01\",\"type\":\"section\",\"props\":{\"style\":\"default\",\"width\":\"\",\"image_position\":\"center-center\",\"padding_remove_top\":true,\"padding_remove_bottom\":true,\"padding\":\"none\",\"vertical_align\":\"middle\",\"title_position\":\"top-left\",\"title_rotation\":\"left\",\"title_breakpoint\":\"xl\"},\"children\":[{\"name\":\"\",\"type\":\"row\",\"props\":{\"layout\":\"2-3,1-3\",\"vertical_align\":true},\"children\":[{\"name\":\"\",\"type\":\"column\",\"props\":{\"image_position\":\"center-center\",\"style\":\"primary\",\"padding\":\"none\",\"vertical_align\":\"middle\",\"media_overlay_gradient\":\"\",\"width_medium\":\"2-3\"},\"children\":[{\"name\":\"\",\"type\":\"image\",\"props\":{\"margin\":\"default\",\"image\":\"wp-content\\\/uploads\\\/2020\\\/11\\\/home-products-grid-lighting_04.jpg\",\"image_width\":\"1690\",\"animation\":\"parallax\",\"parallax_x\":\"\",\"parallax_target\":false,\"parallax_velocity\":\"\",\"parallax_x_start\":90,\"parallax_breakpoint\":\"m\",\"link\":\"fr\\\/chauffeur\\\/\",\"image_svg_color\":\"emphasis\",\"image_height\":\"790\",\"image_alt\":\"Service Chauffeur Bordeaux\"}}]},{\"name\":\"\",\"type\":\"column\",\"props\":{\"image_position\":\"center-center\",\"style\":\"default\",\"image\":\"\",\"vertical_align\":\"middle\",\"media_overlay_gradient\":\"\",\"width_medium\":\"1-3\",\"order_first\":\"m\"},\"children\":[{\"name\":\"\",\"type\":\"text\",\"props\":{\"column_breakpoint\":\"m\",\"margin\":\"remove-vertical\",\"content\":\"01\",\"text_align\":\"center\",\"margin_remove_top\":false,\"margin_remove_bottom\":false,\"dropcap\":false,\"block_align\":\"center\"}},{\"name\":\"\",\"type\":\"headline\",\"props\":{\"title_element\":\"h2\",\"content\":\"Service Chauffeur\",\"title_style\":\"h3\",\"text_align\":\"center\",\"maxwidth\":\"small\",\"margin\":\"small\",\"block_align\":\"center\",\"link\":\"fr\\\/chauffeur\\\/\"}},{\"name\":\"\",\"type\":\"icon\",\"props\":{\"icon\":\"arrow-right\",\"margin\":\"remove-vertical\",\"text_align\":\"center\",\"class\":\"\",\"link\":\"fr\\\/chauffeur\\\/\",\"icon_width\":40}}]}]}]},{\"name\":\"02\",\"type\":\"section\",\"props\":{\"style\":\"default\",\"width\":\"\",\"image_position\":\"center-center\",\"padding_remove_top\":true,\"padding_remove_bottom\":true,\"padding\":\"xlarge\",\"vertical_align\":\"middle\",\"title_position\":\"top-left\",\"title_rotation\":\"left\",\"title_breakpoint\":\"xl\"},\"children\":[{\"name\":\"\",\"type\":\"row\",\"props\":{\"layout\":\"2-3,1-3\",\"vertical_align\":true},\"children\":[{\"name\":\"\",\"type\":\"column\",\"props\":{\"image_position\":\"center-center\",\"style\":\"secondary\",\"vertical_align\":\"middle\",\"media_overlay_gradient\":\"\",\"width_medium\":\"2-3\"},\"children\":[{\"name\":\"\",\"type\":\"image\",\"props\":{\"inline_align\":\"\",\"margin\":\"\",\"animation\":\"parallax\",\"image\":\"wp-content\\\/uploads\\\/2020\\\/11\\\/home-products-grid-lighting_06.jpg\",\"image_width\":\"1690\",\"image_alt\":\"Photographe \\u00e0 Bordeaux Roman Tatarov\",\"link\":\"fr\\\/photographe\\\/\",\"parallax_x\":\"\",\"parallax_y\":\"\",\"parallax_x_start\":-100,\"parallax_breakpoint\":\"m\",\"image_svg_color\":\"emphasis\",\"image_height\":\"790\"}}]},{\"name\":\"\",\"type\":\"column\",\"props\":{\"image_position\":\"center-center\",\"style\":\"default\",\"vertical_align\":\"middle\",\"media_overlay_gradient\":\"\",\"width_medium\":\"1-3\"},\"children\":[{\"name\":\"\",\"type\":\"text\",\"props\":{\"column_breakpoint\":\"m\",\"margin\":\"remove-vertical\",\"content\":\"02\",\"text_align\":\"center\",\"block_align\":\"center\"}},{\"name\":\"\",\"type\":\"headline\",\"props\":{\"title_element\":\"h2\",\"content\":\"Photographe\",\"title_style\":\"h3\",\"text_align\":\"center\",\"maxwidth\":\"small\",\"margin\":\"small\",\"block_align\":\"center\",\"link\":\"https:\\\/\\\/rtbtourismbordeaux.com\\\/fr\\\/photographe\\\/\"}},{\"name\":\"\",\"type\":\"icon\",\"props\":{\"icon\":\"arrow-right\",\"margin\":\"remove-vertical\",\"text_align\":\"center\",\"class\":\"\",\"link\":\"https:\\\/\\\/rtbtourismbordeaux.com\\\/fr\\\/photographe\\\/\",\"icon_width\":40}}]}]}]},{\"name\":\"03\",\"type\":\"section\",\"props\":{\"style\":\"default\",\"width\":\"\",\"image_position\":\"center-center\",\"padding_remove_top\":true,\"padding_remove_bottom\":true,\"vertical_align\":\"middle\",\"title_position\":\"top-left\",\"title_rotation\":\"left\",\"title_breakpoint\":\"xl\"},\"children\":[{\"name\":\"\",\"type\":\"row\",\"props\":{\"layout\":\"2-3,1-3\",\"vertical_align\":true},\"children\":[{\"name\":\"\",\"type\":\"column\",\"props\":{\"image_position\":\"center-center\",\"style\":\"primary\",\"padding\":\"none\",\"vertical_align\":\"middle\",\"media_overlay_gradient\":\"\",\"width_medium\":\"2-3\"},\"children\":[{\"name\":\"\",\"type\":\"image\",\"props\":{\"margin\":\"default\",\"image\":\"wp-content\\\/uploads\\\/2020\\\/11\\\/home-products-grid-lighting_07.jpg\",\"image_width\":\"1690\",\"animation\":\"parallax\",\"parallax_x_end\":-120,\"parallax_breakpoint\":\"m\",\"link\":\"fr\\\/mariages-evenements\\\/\",\"parallax_x_start\":0,\"image_svg_color\":\"emphasis\",\"image_height\":\"790\",\"image_alt\":\"Mariages et \\u00e9v\\u00e9nements\"}}]},{\"name\":\"\",\"type\":\"column\",\"props\":{\"image_position\":\"center-center\",\"style\":\"default\",\"image\":\"\",\"vertical_align\":\"middle\",\"media_overlay_gradient\":\"\",\"width_medium\":\"1-3\",\"order_first\":\"m\"},\"children\":[{\"name\":\"\",\"type\":\"text\",\"props\":{\"column_breakpoint\":\"m\",\"margin\":\"small\",\"content\":\"03\",\"text_align\":\"center\",\"maxwidth\":\"small\",\"block_align\":\"center\"}},{\"name\":\"\",\"type\":\"headline\",\"props\":{\"title_element\":\"h2\",\"content\":\"Mariages et \\u00e9v\\u00e9nements\",\"title_style\":\"h3\",\"text_align\":\"center\",\"maxwidth\":\"small\",\"margin\":\"small\",\"block_align\":\"center\",\"link\":\"https:\\\/\\\/rtbtourismbordeaux.com\\\/fr\\\/mariages-evenements\\\/\"}},{\"name\":\"\",\"type\":\"icon\",\"props\":{\"icon\":\"arrow-right\",\"margin\":\"remove-vertical\",\"text_align\":\"center\",\"class\":\"\",\"link\":\"https:\\\/\\\/rtbtourismbordeaux.com\\\/fr\\\/mariages-evenements\\\/\",\"icon_width\":40}}]}]}]},{\"name\":\"04\",\"type\":\"section\",\"props\":{\"style\":\"default\",\"width\":\"\",\"image_position\":\"center-center\",\"padding_remove_top\":true,\"padding_remove_bottom\":true,\"padding\":\"xlarge\",\"vertical_align\":\"middle\",\"title_position\":\"top-left\",\"title_rotation\":\"left\",\"title_breakpoint\":\"xl\"},\"children\":[{\"name\":\"\",\"type\":\"row\",\"props\":{\"layout\":\"2-3,1-3\",\"vertical_align\":true},\"children\":[{\"name\":\"\",\"type\":\"column\",\"props\":{\"image_position\":\"center-center\",\"style\":\"secondary\",\"padding\":\"none\",\"vertical_align\":\"middle\",\"media_overlay_gradient\":\"\",\"width_medium\":\"2-3\"},\"children\":[{\"name\":\"\",\"type\":\"image\",\"props\":{\"inline_align\":\"\",\"margin\":\"\",\"animation\":\"parallax\",\"image\":\"wp-content\\\/uploads\\\/2020\\\/11\\\/home-products-grid-lighting_08.jpg\",\"image_width\":\"1690\",\"image_alt\":\"S\\u00e9curit\\u00e9\",\"link\":\"fr\\\/securite\\\/\",\"parallax_x_start\":-70,\"parallax_x_end\":30,\"parallax_breakpoint\":\"m\",\"image_svg_color\":\"emphasis\",\"image_height\":\"790\"}}]},{\"name\":\"\",\"type\":\"column\",\"props\":{\"image_position\":\"center-center\",\"vertical_align\":\"middle\",\"media_overlay_gradient\":\"\",\"width_medium\":\"1-3\"},\"children\":[{\"name\":\"\",\"type\":\"text\",\"props\":{\"column_breakpoint\":\"m\",\"margin\":\"small\",\"content\":\"04\",\"text_align\":\"center\",\"maxwidth\":\"small\",\"block_align\":\"center\"}},{\"name\":\"\",\"type\":\"headline\",\"props\":{\"title_element\":\"h2\",\"content\":\"S\\u00e9curit\\u00e9\",\"title_style\":\"h3\",\"text_align\":\"center\",\"maxwidth\":\"small\",\"margin\":\"small\",\"block_align\":\"center\",\"link\":\"fr\\\/securite\\\/\"}},{\"name\":\"\",\"type\":\"icon\",\"props\":{\"icon\":\"arrow-right\",\"margin\":\"remove-vertical\",\"text_align\":\"center\",\"class\":\"\",\"link\":\"fr\\\/securite\\\/\",\"icon_width\":40}}]}]}]},{\"name\":\"05\",\"type\":\"section\",\"props\":{\"style\":\"default\",\"width\":\"\",\"image_position\":\"center-center\",\"padding_remove_top\":true,\"padding_remove_bottom\":true,\"vertical_align\":\"middle\",\"title_position\":\"top-left\",\"title_rotation\":\"left\",\"title_breakpoint\":\"xl\"},\"children\":[{\"name\":\"\",\"type\":\"row\",\"props\":{\"layout\":\"2-3,1-3\",\"vertical_align\":true},\"children\":[{\"name\":\"\",\"type\":\"column\",\"props\":{\"image_position\":\"center-center\",\"style\":\"primary\",\"padding\":\"none\",\"vertical_align\":\"middle\",\"media_overlay_gradient\":\"\",\"width_medium\":\"2-3\"},\"children\":[{\"name\":\"\",\"type\":\"image\",\"props\":{\"margin\":\"default\",\"image\":\"wp-content\\\/uploads\\\/2020\\\/11\\\/home-products-grid-lighting_09.jpg\",\"image_width\":\"1690\",\"animation\":\"parallax\",\"parallax_x_end\":-120,\"parallax_breakpoint\":\"m\",\"link\":\"fr\\\/conciergerie\\\/\",\"parallax_x_start\":0,\"image_svg_color\":\"emphasis\",\"image_height\":\"790\",\"image_alt\":\"Service de conciergerie\"}}]},{\"name\":\"\",\"type\":\"column\",\"props\":{\"image_position\":\"center-center\",\"style\":\"default\",\"image\":\"\",\"vertical_align\":\"middle\",\"media_overlay_gradient\":\"\",\"width_medium\":\"1-3\",\"order_first\":\"m\"},\"children\":[{\"name\":\"\",\"type\":\"text\",\"props\":{\"column_breakpoint\":\"m\",\"margin\":\"small\",\"content\":\"05\",\"text_align\":\"center\",\"maxwidth\":\"small\",\"block_align\":\"center\"}},{\"name\":\"\",\"type\":\"headline\",\"props\":{\"title_element\":\"h2\",\"content\":\"Service de conciergerie\",\"title_style\":\"h3\",\"text_align\":\"center\",\"maxwidth\":\"small\",\"margin\":\"small\",\"block_align\":\"center\",\"link\":\"fr\\\/conciergerie\\\/\"}},{\"name\":\"\",\"type\":\"icon\",\"props\":{\"icon\":\"arrow-right\",\"margin\":\"remove-vertical\",\"text_align\":\"center\",\"class\":\"\",\"link\":\"fr\\\/conciergerie\\\/\",\"icon_width\":40}}]}]}]},{\"name\":\"06\",\"type\":\"section\",\"props\":{\"style\":\"default\",\"width\":\"\",\"image_position\":\"center-center\",\"padding_remove_top\":true,\"padding_remove_bottom\":true,\"padding\":\"xlarge\",\"vertical_align\":\"middle\",\"title_position\":\"top-left\",\"title_rotation\":\"left\",\"title_breakpoint\":\"xl\"},\"children\":[{\"name\":\"\",\"type\":\"row\",\"props\":{\"layout\":\"2-3,1-3\",\"vertical_align\":true},\"children\":[{\"name\":\"\",\"type\":\"column\",\"props\":{\"image_position\":\"center-center\",\"style\":\"secondary\",\"vertical_align\":\"middle\",\"media_overlay_gradient\":\"\",\"width_medium\":\"2-3\"},\"children\":[{\"name\":\"\",\"type\":\"image\",\"props\":{\"inline_align\":\"\",\"margin\":\"\",\"animation\":\"parallax\",\"image\":\"wp-content\\\/uploads\\\/2020\\\/11\\\/translate.jpg\",\"image_width\":\"1690\",\"image_alt\":\"Services de traduction \",\"link\":\"fr\\\/traduction\\\/\",\"parallax_x\":\"\",\"parallax_y\":\"\",\"parallax_x_start\":-100,\"parallax_breakpoint\":\"m\",\"image_svg_color\":\"emphasis\",\"image_height\":\"790\"}}]},{\"name\":\"\",\"type\":\"column\",\"props\":{\"image_position\":\"center-center\",\"style\":\"default\",\"vertical_align\":\"middle\",\"media_overlay_gradient\":\"\",\"width_medium\":\"1-3\"},\"children\":[{\"name\":\"\",\"type\":\"text\",\"props\":{\"column_breakpoint\":\"m\",\"margin\":\"remove-vertical\",\"content\":\"06\",\"text_align\":\"center\",\"block_align\":\"center\"}},{\"name\":\"\",\"type\":\"headline\",\"props\":{\"title_element\":\"h2\",\"content\":\"Services de traduction \",\"title_style\":\"h3\",\"text_align\":\"center\",\"maxwidth\":\"small\",\"margin\":\"small\",\"block_align\":\"center\",\"link\":\"fr\\\/traduction\\\/\"}},{\"name\":\"\",\"type\":\"icon\",\"props\":{\"icon\":\"arrow-right\",\"margin\":\"remove-vertical\",\"text_align\":\"center\",\"class\":\"\",\"link\":\"fr\\\/traduction\\\/\",\"icon_width\":40}}]}]}]},{\"type\":\"section\",\"props\":{\"style\":\"default\",\"width\":\"default\",\"vertical_align\":\"middle\",\"title_position\":\"top-left\",\"title_rotation\":\"left\",\"title_breakpoint\":\"xl\",\"image_position\":\"center-center\"},\"children\":[{\"type\":\"row\",\"children\":[{\"type\":\"column\",\"props\":{\"image_position\":\"center-center\",\"media_overlay_gradient\":\"\"},\"children\":[{\"type\":\"totop\",\"props\":{\"title_grid_column_gap\":\"small\",\"title_grid_row_gap\":\"small\",\"margin\":\"default\",\"text_align\":\"center\",\"title\":\"\\u041d\\u0430\\u0432\\u0435\\u0440\\u0445\"}}]}]}]}],\"version\":\"2.3.12\"} --><\/p>\n","protected":false},"excerpt":{"rendered":"<p>SERVICES 01 Service Chauffeur 02 Photographe 03 Mariages et \u00e9v\u00e9nements 04 S\u00e9curit\u00e9 05 Service de conciergerie 06 Services de traduction<\/p>\n","protected":false},"author":1,"featured_media":0,"parent":0,"menu_order":3,"comment_status":"open","ping_status":"open","template":"","meta":{"_acf_changed":false,"footnotes":""},"class_list":["post-1829","page","type-page","status-publish","hentry"],"acf":[],"yoast_head":"<!-- This site is optimized with the Yoast SEO Premium plugin v26.6 (Yoast SEO v26.6) - https:\/\/yoast.com\/wordpress\/plugins\/seo\/ -->\n<title>SERVICES - Guide Roman TATAROV<\/title>\n<meta name=\"robots\" content=\"index, follow, max-snippet:-1, max-image-preview:large, max-video-preview:-1\" \/>\n<link rel=\"canonical\" href=\"https:\/\/rtbtourismbordeaux.com\/fr\/services\/\" \/>\n<meta property=\"og:locale\" content=\"fr_FR\" \/>\n<meta property=\"og:type\" content=\"article\" \/>\n<meta property=\"og:title\" content=\"SERVICES\" \/>\n<meta property=\"og:description\" content=\"SERVICES 01 Service Chauffeur 02 Photographe 03 Mariages et \u00e9v\u00e9nements 04 S\u00e9curit\u00e9 05 Service de conciergerie 06 Services de traduction\" \/>\n<meta property=\"og:url\" content=\"https:\/\/rtbtourismbordeaux.com\/fr\/services\/\" \/>\n<meta property=\"og:site_name\" content=\"Guide Roman TATAROV\" \/>\n<meta property=\"article:publisher\" content=\"https:\/\/www.facebook.com\/roman.tatarov.bordeaux\" \/>\n<meta property=\"article:modified_time\" content=\"2021-02-01T14:10:44+00:00\" \/>\n<meta property=\"og:image\" content=\"https:\/\/rtbtourismbordeaux.com\/wp-content\/uploads\/2020\/11\/home-products-grid-lighting_04.jpg\" \/>\n<meta name=\"twitter:card\" content=\"summary_large_image\" \/>\n<meta name=\"twitter:site\" content=\"@rtbtourismbordo\" \/>\n<script type=\"application\/ld+json\" class=\"yoast-schema-graph\">{\"@context\":\"https:\/\/schema.org\",\"@graph\":[{\"@type\":\"WebPage\",\"@id\":\"https:\/\/rtbtourismbordeaux.com\/fr\/services\/\",\"url\":\"https:\/\/rtbtourismbordeaux.com\/fr\/services\/\",\"name\":\"SERVICES - Guide Roman TATAROV\",\"isPartOf\":{\"@id\":\"https:\/\/rtbtourismbordeaux.com\/fr\/#website\"},\"datePublished\":\"2019-02-21T14:47:08+00:00\",\"dateModified\":\"2021-02-01T14:10:44+00:00\",\"breadcrumb\":{\"@id\":\"https:\/\/rtbtourismbordeaux.com\/fr\/services\/#breadcrumb\"},\"inLanguage\":\"fr-FR\",\"potentialAction\":[{\"@type\":\"ReadAction\",\"target\":[\"https:\/\/rtbtourismbordeaux.com\/fr\/services\/\"]}]},{\"@type\":\"BreadcrumbList\",\"@id\":\"https:\/\/rtbtourismbordeaux.com\/fr\/services\/#breadcrumb\",\"itemListElement\":[{\"@type\":\"ListItem\",\"position\":1,\"name\":\"Home\",\"item\":\"https:\/\/rtbtourismbordeaux.com\/fr\/\"},{\"@type\":\"ListItem\",\"position\":2,\"name\":\"SERVICES\"}]},{\"@type\":\"WebSite\",\"@id\":\"https:\/\/rtbtourismbordeaux.com\/fr\/#website\",\"url\":\"https:\/\/rtbtourismbordeaux.com\/fr\/\",\"name\":\"Guide Roman TATAROV\",\"description\":\"\u0420\u0423\u0421\u0421\u041a\u0418\u0419 \u0413\u0418\u0414 \u0412 \u0411\u041e\u0420\u0414\u041e \u0420\u041e\u041c\u0410\u041d \u0422\u0410\u0422\u0410\u0420\u041e\u0412\",\"publisher\":{\"@id\":\"https:\/\/rtbtourismbordeaux.com\/fr\/#organization\"},\"potentialAction\":[{\"@type\":\"SearchAction\",\"target\":{\"@type\":\"EntryPoint\",\"urlTemplate\":\"https:\/\/rtbtourismbordeaux.com\/fr\/?s={search_term_string}\"},\"query-input\":{\"@type\":\"PropertyValueSpecification\",\"valueRequired\":true,\"valueName\":\"search_term_string\"}}],\"inLanguage\":\"fr-FR\"},{\"@type\":\"Organization\",\"@id\":\"https:\/\/rtbtourismbordeaux.com\/fr\/#organization\",\"name\":\"Guide Roman TATAROV\",\"url\":\"https:\/\/rtbtourismbordeaux.com\/fr\/\",\"logo\":{\"@type\":\"ImageObject\",\"inLanguage\":\"fr-FR\",\"@id\":\"https:\/\/rtbtourismbordeaux.com\/fr\/#\/schema\/logo\/image\/\",\"url\":\"https:\/\/rtbtourismbordeaux.com\/wp-content\/uploads\/2020\/11\/Armoiries-inscr-Roman-Tatarov.png\",\"contentUrl\":\"https:\/\/rtbtourismbordeaux.com\/wp-content\/uploads\/2020\/11\/Armoiries-inscr-Roman-Tatarov.png\",\"width\":763,\"height\":829,\"caption\":\"Guide Roman TATAROV\"},\"image\":{\"@id\":\"https:\/\/rtbtourismbordeaux.com\/fr\/#\/schema\/logo\/image\/\"},\"sameAs\":[\"https:\/\/www.facebook.com\/roman.tatarov.bordeaux\",\"https:\/\/x.com\/rtbtourismbordo\",\"https:\/\/www.instagram.com\/roman_tatarov_guide_bordeaux\/?hl=fr\",\"https:\/\/www.linkedin.com\/in\/roman-tatarov-wine-tours-bordeaux-07311157\/\",\"https:\/\/www.youtube.com\/user\/rtbtourismbordeaux\"]}]}<\/script>\n<!-- \/ Yoast SEO Premium plugin. -->","yoast_head_json":{"title":"SERVICES - Guide Roman TATAROV","robots":{"index":"index","follow":"follow","max-snippet":"max-snippet:-1","max-image-preview":"max-image-preview:large","max-video-preview":"max-video-preview:-1"},"canonical":"https:\/\/rtbtourismbordeaux.com\/fr\/services\/","og_locale":"fr_FR","og_type":"article","og_title":"SERVICES","og_description":"SERVICES 01 Service Chauffeur 02 Photographe 03 Mariages et \u00e9v\u00e9nements 04 S\u00e9curit\u00e9 05 Service de conciergerie 06 Services de traduction","og_url":"https:\/\/rtbtourismbordeaux.com\/fr\/services\/","og_site_name":"Guide Roman TATAROV","article_publisher":"https:\/\/www.facebook.com\/roman.tatarov.bordeaux","article_modified_time":"2021-02-01T14:10:44+00:00","og_image":[{"url":"https:\/\/rtbtourismbordeaux.com\/wp-content\/uploads\/2020\/11\/home-products-grid-lighting_04.jpg","type":"","width":"","height":""}],"twitter_card":"summary_large_image","twitter_site":"@rtbtourismbordo","schema":{"@context":"https:\/\/schema.org","@graph":[{"@type":"WebPage","@id":"https:\/\/rtbtourismbordeaux.com\/fr\/services\/","url":"https:\/\/rtbtourismbordeaux.com\/fr\/services\/","name":"SERVICES - Guide Roman TATAROV","isPartOf":{"@id":"https:\/\/rtbtourismbordeaux.com\/fr\/#website"},"datePublished":"2019-02-21T14:47:08+00:00","dateModified":"2021-02-01T14:10:44+00:00","breadcrumb":{"@id":"https:\/\/rtbtourismbordeaux.com\/fr\/services\/#breadcrumb"},"inLanguage":"fr-FR","potentialAction":[{"@type":"ReadAction","target":["https:\/\/rtbtourismbordeaux.com\/fr\/services\/"]}]},{"@type":"BreadcrumbList","@id":"https:\/\/rtbtourismbordeaux.com\/fr\/services\/#breadcrumb","itemListElement":[{"@type":"ListItem","position":1,"name":"Home","item":"https:\/\/rtbtourismbordeaux.com\/fr\/"},{"@type":"ListItem","position":2,"name":"SERVICES"}]},{"@type":"WebSite","@id":"https:\/\/rtbtourismbordeaux.com\/fr\/#website","url":"https:\/\/rtbtourismbordeaux.com\/fr\/","name":"Guide Roman TATAROV","description":"\u0420\u0423\u0421\u0421\u041a\u0418\u0419 \u0413\u0418\u0414 \u0412 \u0411\u041e\u0420\u0414\u041e \u0420\u041e\u041c\u0410\u041d \u0422\u0410\u0422\u0410\u0420\u041e\u0412","publisher":{"@id":"https:\/\/rtbtourismbordeaux.com\/fr\/#organization"},"potentialAction":[{"@type":"SearchAction","target":{"@type":"EntryPoint","urlTemplate":"https:\/\/rtbtourismbordeaux.com\/fr\/?s={search_term_string}"},"query-input":{"@type":"PropertyValueSpecification","valueRequired":true,"valueName":"search_term_string"}}],"inLanguage":"fr-FR"},{"@type":"Organization","@id":"https:\/\/rtbtourismbordeaux.com\/fr\/#organization","name":"Guide Roman TATAROV","url":"https:\/\/rtbtourismbordeaux.com\/fr\/","logo":{"@type":"ImageObject","inLanguage":"fr-FR","@id":"https:\/\/rtbtourismbordeaux.com\/fr\/#\/schema\/logo\/image\/","url":"https:\/\/rtbtourismbordeaux.com\/wp-content\/uploads\/2020\/11\/Armoiries-inscr-Roman-Tatarov.png","contentUrl":"https:\/\/rtbtourismbordeaux.com\/wp-content\/uploads\/2020\/11\/Armoiries-inscr-Roman-Tatarov.png","width":763,"height":829,"caption":"Guide Roman TATAROV"},"image":{"@id":"https:\/\/rtbtourismbordeaux.com\/fr\/#\/schema\/logo\/image\/"},"sameAs":["https:\/\/www.facebook.com\/roman.tatarov.bordeaux","https:\/\/x.com\/rtbtourismbordo","https:\/\/www.instagram.com\/roman_tatarov_guide_bordeaux\/?hl=fr","https:\/\/www.linkedin.com\/in\/roman-tatarov-wine-tours-bordeaux-07311157\/","https:\/\/www.youtube.com\/user\/rtbtourismbordeaux"]}]}},"_links":{"self":[{"href":"https:\/\/rtbtourismbordeaux.com\/fr\/wp-json\/wp\/v2\/pages\/1829","targetHints":{"allow":["GET"]}}],"collection":[{"href":"https:\/\/rtbtourismbordeaux.com\/fr\/wp-json\/wp\/v2\/pages"}],"about":[{"href":"https:\/\/rtbtourismbordeaux.com\/fr\/wp-json\/wp\/v2\/types\/page"}],"author":[{"embeddable":true,"href":"https:\/\/rtbtourismbordeaux.com\/fr\/wp-json\/wp\/v2\/users\/1"}],"replies":[{"embeddable":true,"href":"https:\/\/rtbtourismbordeaux.com\/fr\/wp-json\/wp\/v2\/comments?post=1829"}],"version-history":[{"count":9,"href":"https:\/\/rtbtourismbordeaux.com\/fr\/wp-json\/wp\/v2\/pages\/1829\/revisions"}],"predecessor-version":[{"id":1841,"href":"https:\/\/rtbtourismbordeaux.com\/fr\/wp-json\/wp\/v2\/pages\/1829\/revisions\/1841"}],"wp:attachment":[{"href":"https:\/\/rtbtourismbordeaux.com\/fr\/wp-json\/wp\/v2\/media?parent=1829"}],"curies":[{"name":"wp","href":"https:\/\/api.w.org\/{rel}","templated":true}]}}